{"id":213,"date":"2026-02-25T21:55:08","date_gmt":"2026-02-25T20:55:08","guid":{"rendered":"http:\/\/gospelchor-neu-ulm.de\/?page_id=213"},"modified":"2026-02-25T21:55:08","modified_gmt":"2026-02-25T20:55:08","slug":"probenplan-2016","status":"publish","type":"page","link":"http:\/\/gospelchor-neu-ulm.de\/?page_id=213","title":{"rendered":"Probenplan 2026"},"content":{"rendered":"\n<p><strong>die Proben finden immer<\/strong> <strong>um 20 Uhr im <\/strong><br><strong>Petrussaal unter der Petruskirche statt<\/strong><br>(au\u00dfer in der bayerischen Schulferien oder an Feiertagen)<\/p>\n\n\n\n<p>5. M\u00e4rz, ALLE: Convicted, Is it true, Robbery<br><br>Samstag, 7. M\u00e4rz (Gemeindesaal, Petrusplatz 8):<br>9 Uhr bis 10.20 Uhr Frauen<br>The empty grave, I don\u00b4t know him, Time is gone<\/p>\n\n\n\n<p>10.20 Uhr bis 11.40 Uhr Ensemble<br>Remember, Ashes to Ashes, Spread the good news bis Takt 40<\/p>\n\n\n\n<p>11.40 Uhr bis 13 Uhr M\u00e4nner<br>The empty grave, I don\u00b4t know him, Time is gone<\/p>\n\n\n\n<p>12. M\u00e4rz, ALLE:<br>Who will accuse, Time is gone, Convicted, I don\u00b4t know him, Robbery<\/p>\n\n\n\n<p>19. M\u00e4rz:<br>19.30 Uhr, Ensemble: Remember, Ashes to Ashes, Spread the good news<br>20 Uhr, alle: You are, Eli, Is it true, The empty grave, Spread the good news<\/p>\n\n\n\n<p>26. M\u00e4rz, 18 Uhr: Generalprobe<\/p>\n\n\n\n<p>2. April, 19 Uhr:<br>Auff\u00fchrung, Einsingen um 18 Uhr im Petrussaal<\/p>\n\n\n\n<p>8.4.: keine Probe (Osterferien)<\/p>\n\n\n\n<p>16.4.: Probe<\/p>\n\n\n\n<p><\/p>\n","protected":false},"excerpt":{"rendered":"<p>die Proben finden immer um 20 Uhr im Petrussaal unter der Petruskirche statt(au\u00dfer in der bayerischen Schulferien oder an Feiertagen) 5. M\u00e4rz, ALLE: Convicted, Is it true, Robbery Samstag, 7. M\u00e4rz (Gemeindesaal, Petrusplatz 8):9 Uhr bis 10.20 Uhr FrauenThe empty &hellip; <a href=\"http:\/\/gospelchor-neu-ulm.de\/?page_id=213\">Weiterlesen <span class=\"meta-nav\">&rarr;<\/span><\/a><\/p>\n","protected":false},"author":2,"featured_media":975,"parent":0,"menu_order":3,"comment_status":"closed","ping_status":"closed","template":"","meta":{"footnotes":""},"class_list":["post-213","page","type-page","status-publish","has-post-thumbnail","hentry"],"publishpress_future_action":{"enabled":false,"date":"2026-05-01 20:14:44","action":"change-status","newStatus":"draft","terms":[],"taxonomy":"","extraData":[]},"publishpress_future_workflow_manual_trigger":{"enabledWorkflows":[]},"_links":{"self":[{"href":"http:\/\/gospelchor-neu-ulm.de\/index.php?rest_route=\/wp\/v2\/pages\/213","targetHints":{"allow":["GET"]}}],"collection":[{"href":"http:\/\/gospelchor-neu-ulm.de\/index.php?rest_route=\/wp\/v2\/pages"}],"about":[{"href":"http:\/\/gospelchor-neu-ulm.de\/index.php?rest_route=\/wp\/v2\/types\/page"}],"author":[{"embeddable":true,"href":"http:\/\/gospelchor-neu-ulm.de\/index.php?rest_route=\/wp\/v2\/users\/2"}],"replies":[{"embeddable":true,"href":"http:\/\/gospelchor-neu-ulm.de\/index.php?rest_route=%2Fwp%2Fv2%2Fcomments&post=213"}],"version-history":[{"count":89,"href":"http:\/\/gospelchor-neu-ulm.de\/index.php?rest_route=\/wp\/v2\/pages\/213\/revisions"}],"predecessor-version":[{"id":973,"href":"http:\/\/gospelchor-neu-ulm.de\/index.php?rest_route=\/wp\/v2\/pages\/213\/revisions\/973"}],"wp:featuredmedia":[{"embeddable":true,"href":"http:\/\/gospelchor-neu-ulm.de\/index.php?rest_route=\/wp\/v2\/media\/975"}],"wp:attachment":[{"href":"http:\/\/gospelchor-neu-ulm.de\/index.php?rest_route=%2Fwp%2Fv2%2Fmedia&parent=213"}],"curies":[{"name":"wp","href":"https:\/\/api.w.org\/{rel}","templated":true}]}}