{"id":13,"date":"2011-12-08T22:02:00","date_gmt":"2011-12-08T21:02:00","guid":{"rendered":"http:\/\/gospelchor.telebus.de\/wp\/?page_id=13"},"modified":"2023-06-14T21:11:53","modified_gmt":"2023-06-14T20:11:53","slug":"der-chor","status":"publish","type":"page","link":"http:\/\/gospelchor-neu-ulm.de\/?page_id=13","title":{"rendered":"Der Chor"},"content":{"rendered":"<p><strong>\u00dcber uns<\/strong><br \/>\nDer Gospelchor wurde im Februar 1990 vom damaligen Diakon der Petruskirche Neu-Ulm, Raymond Walke, und Kantor Wolfgang G\u00fctinger gegr\u00fcndet. Zum \u201eersten Geburtstag&#8221; gab der Chor &#8211; nach ersten Eins\u00e4tzen im Gottesdienst &#8211; sein erstes Konzert: Die Kirche war voll und das Konzert wurde begeistert aufgenommen. Der Chor spezialisierte sich mehr und mehr auf a-cappella-Werke. Ende 2012 verabschiedete sich Wolfgang G\u00fctinger in den Vorruhestand.<\/p>\n<p>Von Dezember 2012 bis September 2021 leitete Oliver Scheffels den Chor. Neben der Erarbeitung zahlreicher Spirituals und Gospels stehen auch in unregelm\u00e4\u00dfigen Abst\u00e4nden crossover-Projekte mit dem PetrusChor und diversen Instrumentalisten auf dem Programm des Ensembles, so z.B. die &#8220;Mass of joy&#8221; von Ralf Gr\u00f6ssler (2016). Aktuell arbeiten wir an Karl Jenkins &#8220;The Peacemakers&#8221; (Auff\u00fchrung 2021).<\/p>\n<p>Trotz mancher Fluktuation sind wir immer etwa 40 S\u00e4ngerinnen und S\u00e4nger. Wir legen Wert auf eine gute Gemeinschaft. In einer entspannten und freundlichen Atmosph\u00e4re erarbeiten wir unsere anspruchsvollen Programme konzentriert mit viel Freude und einer geh\u00f6rigen Portion Humor.<\/p>\n<p>Die <strong>Proben finden w\u00f6chentlich donnerstags in der Regel von 20 bis 21.30 Uhr im Petrussaal unter der Petruskirche (au\u00dfer in den bayerischen Ferien)<\/strong> statt.<\/p>\n<p>Vor unseren Auftritten arbeiten wir bis 22.00 Uhr. Einmal j\u00e4hrlich treffen wir uns zu einem Probenwochenende au\u00dferhalb Neu-Ulms, um vor einem Konzert dem Programm den letzten Schliff zu geben.<\/p>\n<p>Neben den in Neu-Ulm fest zum kulturellen Leben geh\u00f6renden Konzerten in der Petruskirche bereichern wir mehrmals im Jahr die Gottesdienste in der Petruskirche musikalisch. Wir treten au\u00dferdem auch in anderen Gemeinden auf und gehen gelegentlich auf gr\u00f6\u00dfere Konzertreisen (z.B. 2018: Konzertreise nach D\u00fcsseldorf, Bocholt und Krefeld).<\/p>\n<p>Seit Februar 2022 leitet Kirchenmusikerin und Dekanatskantorin Tanja Schmid den Gospelchor der Petruskirche Neu-Ulm.<\/p>\n<p>Interessierte sind zum Anfang einer Probenphase herzlichst zur Mitwirkung eingeladen! Es findet kein Vorsingen statt! Da wir unsere Programme in Konzerten auswendig singen, wird ein regelm\u00e4\u00dfiger Probenbesuch erwartet. Bitte setzt euch vor eurem ersten Besuch mit unserer Chorleiterin Tanja Schmid in Verbindung. Wir freuen uns auf euch!<\/p>\n","protected":false},"excerpt":{"rendered":"<p>\u00dcber uns Der Gospelchor wurde im Februar 1990 vom damaligen Diakon der Petruskirche Neu-Ulm, Raymond Walke, und Kantor Wolfgang G\u00fctinger gegr\u00fcndet. Zum \u201eersten Geburtstag&#8221; gab der Chor &#8211; nach ersten Eins\u00e4tzen im Gottesdienst &#8211; sein erstes Konzert: Die Kirche war &hellip; <a href=\"http:\/\/gospelchor-neu-ulm.de\/?page_id=13\">Weiterlesen <span class=\"meta-nav\">&rarr;<\/span><\/a><\/p>\n","protected":false},"author":7,"featured_media":875,"parent":0,"menu_order":1,"comment_status":"closed","ping_status":"closed","template":"","meta":{"footnotes":""},"class_list":["post-13","page","type-page","status-publish","has-post-thumbnail","hentry"],"publishpress_future_action":{"enabled":false,"date":"2026-05-01 18:49:21","action":"change-status","newStatus":"draft","terms":[],"taxonomy":"","extraData":[]},"publishpress_future_workflow_manual_trigger":{"enabledWorkflows":[]},"_links":{"self":[{"href":"http:\/\/gospelchor-neu-ulm.de\/index.php?rest_route=\/wp\/v2\/pages\/13","targetHints":{"allow":["GET"]}}],"collection":[{"href":"http:\/\/gospelchor-neu-ulm.de\/index.php?rest_route=\/wp\/v2\/pages"}],"about":[{"href":"http:\/\/gospelchor-neu-ulm.de\/index.php?rest_route=\/wp\/v2\/types\/page"}],"author":[{"embeddable":true,"href":"http:\/\/gospelchor-neu-ulm.de\/index.php?rest_route=\/wp\/v2\/users\/7"}],"replies":[{"embeddable":true,"href":"http:\/\/gospelchor-neu-ulm.de\/index.php?rest_route=%2Fwp%2Fv2%2Fcomments&post=13"}],"version-history":[{"count":20,"href":"http:\/\/gospelchor-neu-ulm.de\/index.php?rest_route=\/wp\/v2\/pages\/13\/revisions"}],"predecessor-version":[{"id":783,"href":"http:\/\/gospelchor-neu-ulm.de\/index.php?rest_route=\/wp\/v2\/pages\/13\/revisions\/783"}],"wp:featuredmedia":[{"embeddable":true,"href":"http:\/\/gospelchor-neu-ulm.de\/index.php?rest_route=\/wp\/v2\/media\/875"}],"wp:attachment":[{"href":"http:\/\/gospelchor-neu-ulm.de\/index.php?rest_route=%2Fwp%2Fv2%2Fmedia&parent=13"}],"curies":[{"name":"wp","href":"https:\/\/api.w.org\/{rel}","templated":true}]}}